{"id":8859,"date":"2021-08-25T16:39:32","date_gmt":"2021-08-25T14:39:32","guid":{"rendered":"https:\/\/blog.federnshop.com\/vitejte-v-gutekunst-federn\/"},"modified":"2026-04-15T15:02:05","modified_gmt":"2026-04-15T13:02:05","slug":"vitejte-v-gutekunst-federn","status":"publish","type":"page","link":"https:\/\/blog.federnshop.com\/cs\/vitejte-v-gutekunst-federn\/","title":{"rendered":"V\u00edtejte v Gutekunst Federn"},"content":{"rendered":"<p><img loading=\"lazy\" decoding=\"async\" class=\"aligncenter wp-image-8860 size-full\" src=\"https:\/\/blog.federnshop.com\/wp-content\/uploads\/Vielzahl_Vielfalt_1200.jpg\" alt=\"R\u016fzn\u00e9 prameny ze skladu nebo jednotliv\u011b od Gutekunst Federn\" width=\"1200\" height=\"289\" data-wp-pid=\"826\" srcset=\"https:\/\/blog.federnshop.com\/wp-content\/uploads\/Vielzahl_Vielfalt_1200.jpg 1200w, https:\/\/blog.federnshop.com\/wp-content\/uploads\/Vielzahl_Vielfalt_1200-300x72.jpg 300w, https:\/\/blog.federnshop.com\/wp-content\/uploads\/Vielzahl_Vielfalt_1200-1024x247.jpg 1024w, https:\/\/blog.federnshop.com\/wp-content\/uploads\/Vielzahl_Vielfalt_1200-600x145.jpg 600w, https:\/\/blog.federnshop.com\/wp-content\/uploads\/Vielzahl_Vielfalt_1200-200x48.jpg 200w, https:\/\/blog.federnshop.com\/wp-content\/uploads\/Vielzahl_Vielfalt_1200-800x193.jpg 800w\" sizes=\"auto, (max-width: 1200px) 100vw, 1200px\" \/><\/p>\n<p>Gutekunst Federn se specializuje na v\u00fdvoj a v\u00fdrobu <a href=\"https:\/\/blog.federnshop.com\/cs\/informacni-tlacne-pruziny\/\" target=\"_blank\" rel=\"noopener noreferrer\">Tlakov\u00e9 pru\u017einy<\/a>, <a href=\"https:\/\/blog.federnshop.com\/cs\/informacni-tazne-pruziny\/\" target=\"_blank\" rel=\"noopener noreferrer\">Nap\u00ednac\u00ed pru\u017einy<\/a>, <a href=\"https:\/\/blog.federnshop.com\/cs\/informacni-torzni-pruziny\/\" target=\"_blank\" rel=\"noopener noreferrer\">Pru\u017einy nohou<\/a> stejn\u011b jako ohnut\u00e9 \u010d\u00e1sti dr\u00e1tu z libovoln\u00e9ho <a href=\"https:\/\/blog.federnshop.com\/cs\/vlastnosti-pruzinove-oceli\/\" target=\"_blank\" rel=\"noopener noreferrer\">Dr\u00e1t z pru\u017einov\u00e9 oceli<\/a> specializovan\u00e9.<br \/>\nKrom\u011b rozs\u00e1hl\u00fdch <a href=\"https:\/\/www.federnshop.com\/cz\/katalog-pru%c5%bein-v%c3%bdb%c4%9br.html\" target=\"_blank\" rel=\"noopener noreferrer\">Skladov\u00fd program s 12 603 velikostmi pru\u017ein<\/a> , vyr\u00e1b\u00ed <a href=\"https:\/\/www.federnshop.com\/cz\/obchod\/o-firm%c4%9b-gutekunst-federn.html\" target=\"_blank\" rel=\"noopener noreferrer\">Gutekunstovo pe\u0159\u00ed<\/a> libovoln\u00e1 jednotliv\u00e1 kovov\u00e1 pru\u017eina do tlou\u0161\u0165ky dr\u00e1tu 12 mm v mal\u00fdch mno\u017estv\u00edch a velk\u00fdch s\u00e9ri\u00edch. Rodinn\u00e1 spole\u010dnost zalo\u017een\u00e1 v roce 1964 s 280 zam\u011bstnanci z\u00e1sobuje p\u0159ibli\u017en\u011b 100 000 z\u00e1kazn\u00edk\u016f ze v\u0161ech pr\u016fmyslov\u00fdch odv\u011btv\u00ed po cel\u00e9m sv\u011bt\u011b. Spole\u010dnost Gutekunst Federn pat\u0159\u00ed dnes se sv\u00fdmi p\u011bti pobo\u010dkami v N\u011bmecku a Francii k nejzn\u00e1m\u011bj\u0161\u00edm v\u00fdrobc\u016fm pru\u017ein v Evrop\u011b. Na <a title=\"www.federnshop.com\" href=\"https:\/\/www.federnshop.com\/cz\/\" target=\"_blank\" rel=\"noopener noreferrer\">www.federnshop.com<\/a> Gutekunst Federn nab\u00edz\u00ed v\u0161e, co pot\u0159ebujete pro pru\u017einy. S rozs\u00e1hl\u00fdm <a href=\"https:\/\/www.federnshop.com\/cz\/katalog-pru%c5%bein-v%c3%bdb%c4%9br.html\" target=\"_blank\" rel=\"noopener noreferrer\">Jarn\u00ed katalog<\/a>, jedinec <a href=\"https:\/\/www.federnshop.com\/cz\/servis\/v%c3%bdpo%c4%8det-kovov%c3%a9-pru%c5%beiny-podle-din-13906.html\" target=\"_blank\" rel=\"noopener noreferrer\">Jarn\u00ed v\u00fdpo\u010det WinFSB<\/a>, do <a href=\"https:\/\/www.federnshop.com\/cz\/servis\/vytv%c3%a1%c5%99en%c3%ad-cad-dat.html\" target=\"_blank\" rel=\"noopener noreferrer\">CAD gener\u00e1tor dat<\/a> a po\u010detn\u00e9 <a href=\"https:\/\/blog.federnshop.com\/cs\/\" target=\"_blank\" rel=\"noopener noreferrer\">Informace o kovov\u00fdch pru\u017ein\u00e1ch<\/a> \u017e\u00e1dn\u00e1 ot\u00e1zka nez\u016fst\u00e1v\u00e1 nezodpov\u011bzena. Gutekunst nab\u00edz\u00ed tak\u00e9 pe\u0159\u00ed <a title=\"federn-forum.de\" href=\"http:\/\/www.federn-forum.de\" target=\"_blank\" rel=\"noopener noreferrer\">federn-forum.de<\/a> a <a title=\"blog.federnshop.com\" href=\"https:\/\/blog.federnshop.com\/cs\/\" target=\"_blank\" rel=\"noopener noreferrer\">blog.federnshop.com<\/a> Informa\u010dn\u00ed platformy na t\u00e9ma \u201ekovov\u00e9 pru\u017einy\u201c.<\/p>\n<p><span class=\"pressContent\"><strong>Gutekunst Federn<\/strong><br \/>\nCarl-Zeiss-Strasse 15<br \/>\nD-72555 Metzingen<br \/>\nTel.: +49 7123 960-192<br \/>\nFax: +49 7123 960-195<br \/>\n<a href=\"https:\/\/www.federnshop.com\/cz\/\" target=\"_blank\" rel=\"noopener noreferrer\">www.federnshop.com<\/a><\/span><\/p>\n<p>&nbsp;<\/p>","protected":false},"excerpt":{"rendered":"<p>Gutekunst Federn se specializuje na v\u00fdvoj a v\u00fdrobu Tlakov\u00e9 pru\u017einy, Nap\u00ednac\u00ed pru\u017einy, Pru\u017einy nohou stejn\u011b jako ohnut\u00e9 \u010d\u00e1sti dr\u00e1tu z libovoln\u00e9ho Dr\u00e1t z pru\u017einov\u00e9 oceli specializovan\u00e9. Krom\u011b rozs\u00e1hl\u00fdch Skladov\u00fd program s 12 603 velikostmi pru\u017ein , vyr\u00e1b\u00ed Gutekunstovo pe\u0159\u00ed libovoln\u00e1<\/p>\n","protected":false},"author":4,"featured_media":0,"parent":0,"menu_order":0,"comment_status":"closed","ping_status":"open","template":"","meta":{"_uf_show_specific_survey":0,"_uf_disable_surveys":false,"footnotes":""},"page_tag":[],"class_list":["post-8859","page","type-page","status-publish","hentry"],"_links":{"self":[{"href":"https:\/\/blog.federnshop.com\/cs\/wp-json\/wp\/v2\/pages\/8859","targetHints":{"allow":["GET"]}}],"collection":[{"href":"https:\/\/blog.federnshop.com\/cs\/wp-json\/wp\/v2\/pages"}],"about":[{"href":"https:\/\/blog.federnshop.com\/cs\/wp-json\/wp\/v2\/types\/page"}],"author":[{"embeddable":true,"href":"https:\/\/blog.federnshop.com\/cs\/wp-json\/wp\/v2\/users\/4"}],"replies":[{"embeddable":true,"href":"https:\/\/blog.federnshop.com\/cs\/wp-json\/wp\/v2\/comments?post=8859"}],"version-history":[{"count":3,"href":"https:\/\/blog.federnshop.com\/cs\/wp-json\/wp\/v2\/pages\/8859\/revisions"}],"predecessor-version":[{"id":9385,"href":"https:\/\/blog.federnshop.com\/cs\/wp-json\/wp\/v2\/pages\/8859\/revisions\/9385"}],"wp:attachment":[{"href":"https:\/\/blog.federnshop.com\/cs\/wp-json\/wp\/v2\/media?parent=8859"}],"wp:term":[{"taxonomy":"page_tag","embeddable":true,"href":"https:\/\/blog.federnshop.com\/cs\/wp-json\/wp\/v2\/page_tag?post=8859"}],"curies":[{"name":"wp","href":"https:\/\/api.w.org\/{rel}","templated":true}]}}