{"id":8839,"date":"2021-08-25T16:39:21","date_gmt":"2021-08-25T14:39:21","guid":{"rendered":"https:\/\/blog.federnshop.com\/bienvenido-a-gutekunst-federn\/"},"modified":"2026-04-15T15:00:51","modified_gmt":"2026-04-15T13:00:51","slug":"bienvenido-a-gutekunst-federn","status":"publish","type":"page","link":"https:\/\/blog.federnshop.com\/es\/bienvenido-a-gutekunst-federn\/","title":{"rendered":"Bienvenido a Gutekunst Federn"},"content":{"rendered":"<p><img loading=\"lazy\" decoding=\"async\" class=\"aligncenter wp-image-8841 size-full\" src=\"https:\/\/blog.federnshop.com\/wp-content\/uploads\/Vielzahl_Vielfalt_1200.jpg\" alt=\"Una variedad de manantiales de stock o individualmente de Gutekunst Federn\" width=\"1200\" height=\"289\" data-wp-pid=\"826\" srcset=\"https:\/\/blog.federnshop.com\/wp-content\/uploads\/Vielzahl_Vielfalt_1200.jpg 1200w, https:\/\/blog.federnshop.com\/wp-content\/uploads\/Vielzahl_Vielfalt_1200-300x72.jpg 300w, https:\/\/blog.federnshop.com\/wp-content\/uploads\/Vielzahl_Vielfalt_1200-1024x247.jpg 1024w, https:\/\/blog.federnshop.com\/wp-content\/uploads\/Vielzahl_Vielfalt_1200-600x145.jpg 600w, https:\/\/blog.federnshop.com\/wp-content\/uploads\/Vielzahl_Vielfalt_1200-200x48.jpg 200w, https:\/\/blog.federnshop.com\/wp-content\/uploads\/Vielzahl_Vielfalt_1200-800x193.jpg 800w\" sizes=\"auto, (max-width: 1200px) 100vw, 1200px\" \/><\/p>\n<p>Gutekunst Federn se especializa en el desarrollo y fabricaci\u00f3n de <a href=\"https:\/\/blog.federnshop.com\/es\/informacion-muelles-de-compresion\/\" target=\"_blank\" rel=\"noopener noreferrer\">Resortes de compresi\u00f3n<\/a>, <a href=\"https:\/\/blog.federnshop.com\/es\/muelles-de-traccion-de-informacion\/\" target=\"_blank\" rel=\"noopener noreferrer\">Resortes de tensi\u00f3n<\/a>, <a href=\"https:\/\/blog.federnshop.com\/es\/informacion-muelles-de-torsion\/\" target=\"_blank\" rel=\"noopener noreferrer\">Resortes para piernas<\/a> as\u00ed como piezas de alambre dobladas de cualquier <a href=\"https:\/\/blog.federnshop.com\/es\/propiedades-del-acero-para-muelles\/\" target=\"_blank\" rel=\"noopener noreferrer\">Alambre de acero para muelles<\/a> especializado.<br \/>\nAdem\u00e1s de la extensa\u00a0<a href=\"https:\/\/www.federnshop.com\/es\/cat%c3%a1logo-de-muelles-selecci%c3%b3n.html\" target=\"_blank\" rel=\"noopener noreferrer\">Programa de existencias con 12603 tama\u00f1os de resorte<\/a> , fabrica <a href=\"https:\/\/www.federnshop.com\/es\/negocios\/informaci%c3%b3n-sobre-futekunst-federn.html\" target=\"_blank\" rel=\"noopener noreferrer\">Plumas de Gutekunst<\/a> cualquier resorte met\u00e1lico individual deseado hasta 12 mm de espesor de alambre en peque\u00f1as cantidades y grandes series. Con 280 empleados, la empresa familiar, fundada en 1964, abastece a unos 100.000 clientes de todas las industrias en todo el mundo. Gutekunst Federn hoy cuenta cinco <a href=\"https:\/\/www.federnshop.com\/es\/negocios\/dependencias.html\" target=\"_blank\" rel=\"noopener noreferrer\">Sucursales<\/a> en Alemania y Francia, uno de los fabricantes de muelles m\u00e1s famosos de Europa.<br \/>\nsobre <a title=\"www.federnshop.com\" href=\"https:\/\/www.federnshop.com\/es\/\" target=\"_blank\" rel=\"noopener noreferrer\">www.federnshop.com<\/a> Gutekunst Federn ofrece todo lo que necesita para muelles. Con el extenso <a href=\"https:\/\/www.federnshop.com\/es\/cat%c3%a1logo-de-muelles-selecci%c3%b3n.html\" target=\"_blank\" rel=\"noopener noreferrer\">Cat\u00e1logo de primavera<\/a> , el individuo <a href=\"https:\/\/www.federnshop.com\/es\/servicios-e-informaci%c3%b3n\/c%c3%a1lculo-de-resortes-met%c3%a1licos-seg%c3%ban-din-13906.html\" target=\"_blank\" rel=\"noopener noreferrer\">C\u00e1lculo de primavera WinFSB<\/a> , al <a href=\"https:\/\/www.federnshop.com\/es\/servicios-e-informaci%c3%b3n\/creaci%c3%b3n-de-datos-cad.html\" target=\"_blank\" rel=\"noopener noreferrer\">Generador de datos CAD<\/a> y numerosos <a href=\"https:\/\/blog.federnshop.com\/es\/\" target=\"_blank\" rel=\"noopener noreferrer\">Informaci\u00f3n sobre resortes met\u00e1licos<\/a> ninguna pregunta queda sin respuesta. Gutekunst tambi\u00e9n ofrece plumas <a title=\"federn-forum.de\" href=\"http:\/\/www.federn-forum.de\" target=\"_blank\" rel=\"noopener noreferrer\">federn-forum.de<\/a> y <a title=\"blog.federnshop.com\" href=\"https:\/\/blog.federnshop.com\/es\/\" target=\"_blank\" rel=\"noopener noreferrer\">blog.federnshop.com<\/a> Plataformas de informaci\u00f3n en torno al tema de los \u00ab<a href=\"https:\/\/www.federnshop.com\/es\/selecci%c3%b3n-de-todos-los-resortes-met%c3%a1licos..html\" target=\"_blank\" rel=\"noopener noreferrer\">resortes met\u00e1licos<\/a>\u00ab.<\/p>\n<p><span class=\"pressContent\"><strong>Gutekunst Federn<\/strong><br \/>\nCarl-Zeiss-Strasse 15<br \/>\nD-72555 Metzingen<br \/>\nTel.: +49 7123 960-192<br \/>\nFax: +49 7123 960-195<br \/>\n<a href=\"https:\/\/www.federnshop.com\/es\/\" target=\"_blank\" rel=\"noopener noreferrer\">www.federnshop.com<\/a><\/span><\/p>\n<p>&nbsp;<\/p>","protected":false},"excerpt":{"rendered":"<p>Gutekunst Federn se especializa en el desarrollo y fabricaci\u00f3n de Resortes de compresi\u00f3n, Resortes de tensi\u00f3n, Resortes para piernas as\u00ed como piezas de alambre dobladas de cualquier Alambre de acero para muelles especializado. Adem\u00e1s de la extensa\u00a0Programa de existencias con<\/p>\n","protected":false},"author":4,"featured_media":0,"parent":0,"menu_order":0,"comment_status":"closed","ping_status":"open","template":"","meta":{"_uf_show_specific_survey":0,"_uf_disable_surveys":false,"footnotes":""},"page_tag":[],"class_list":["post-8839","page","type-page","status-publish","hentry"],"_links":{"self":[{"href":"https:\/\/blog.federnshop.com\/es\/wp-json\/wp\/v2\/pages\/8839","targetHints":{"allow":["GET"]}}],"collection":[{"href":"https:\/\/blog.federnshop.com\/es\/wp-json\/wp\/v2\/pages"}],"about":[{"href":"https:\/\/blog.federnshop.com\/es\/wp-json\/wp\/v2\/types\/page"}],"author":[{"embeddable":true,"href":"https:\/\/blog.federnshop.com\/es\/wp-json\/wp\/v2\/users\/4"}],"replies":[{"embeddable":true,"href":"https:\/\/blog.federnshop.com\/es\/wp-json\/wp\/v2\/comments?post=8839"}],"version-history":[{"count":3,"href":"https:\/\/blog.federnshop.com\/es\/wp-json\/wp\/v2\/pages\/8839\/revisions"}],"predecessor-version":[{"id":12484,"href":"https:\/\/blog.federnshop.com\/es\/wp-json\/wp\/v2\/pages\/8839\/revisions\/12484"}],"wp:attachment":[{"href":"https:\/\/blog.federnshop.com\/es\/wp-json\/wp\/v2\/media?parent=8839"}],"wp:term":[{"taxonomy":"page_tag","embeddable":true,"href":"https:\/\/blog.federnshop.com\/es\/wp-json\/wp\/v2\/page_tag?post=8839"}],"curies":[{"name":"wp","href":"https:\/\/api.w.org\/{rel}","templated":true}]}}