{"id":8889,"date":"2021-08-25T16:39:49","date_gmt":"2021-08-25T14:39:49","guid":{"rendered":"https:\/\/blog.federnshop.com\/bienvenue-a-gutekunst-federn\/"},"modified":"2026-04-15T14:53:33","modified_gmt":"2026-04-15T12:53:33","slug":"bienvenue-a-gutekunst-federn","status":"publish","type":"page","link":"https:\/\/blog.federnshop.com\/fr\/bienvenue-a-gutekunst-federn\/","title":{"rendered":"Bienvenue \u00e0 FERROFLEX Gutekunst Ressorts"},"content":{"rendered":"<p><img loading=\"lazy\" decoding=\"async\" class=\"aligncenter wp-image-8890 size-full\" src=\"https:\/\/blog.federnshop.com\/wp-content\/uploads\/Vielzahl_Vielfalt_1200.jpg\" alt=\"Une vari\u00e9t\u00e9 de ressorts en stock ou individuellement de FERROFLEX Gutekunst Ressorts\" width=\"1200\" height=\"289\" data-wp-pid=\"826\" srcset=\"https:\/\/blog.federnshop.com\/wp-content\/uploads\/Vielzahl_Vielfalt_1200.jpg 1200w, https:\/\/blog.federnshop.com\/wp-content\/uploads\/Vielzahl_Vielfalt_1200-300x72.jpg 300w, https:\/\/blog.federnshop.com\/wp-content\/uploads\/Vielzahl_Vielfalt_1200-1024x247.jpg 1024w, https:\/\/blog.federnshop.com\/wp-content\/uploads\/Vielzahl_Vielfalt_1200-600x145.jpg 600w, https:\/\/blog.federnshop.com\/wp-content\/uploads\/Vielzahl_Vielfalt_1200-200x48.jpg 200w, https:\/\/blog.federnshop.com\/wp-content\/uploads\/Vielzahl_Vielfalt_1200-800x193.jpg 800w\" sizes=\"auto, (max-width: 1200px) 100vw, 1200px\" \/><\/p>\n<p>FERROFLEX Gutekunst Ressorts est sp\u00e9cialis\u00e9 dans le d\u00e9veloppement et la fabrication de <a href=\"https:\/\/blog.federnshop.com\/fr\/information-ressorts-de-compression\/\" target=\"_blank\" rel=\"noopener noreferrer\">Ressorts de compression<\/a> , <a href=\"https:\/\/blog.federnshop.com\/fr\/ressorts-dextension-dinformation\/\" target=\"_blank\" rel=\"noopener noreferrer\">Ressorts de tension<\/a>, <a href=\"https:\/\/blog.federnshop.com\/fr\/informations-sur-les-ressorts-de-torsion\/\" target=\"_blank\" rel=\"noopener noreferrer\">Ressorts de jambe<\/a> ainsi que des pi\u00e8ces de fil pli\u00e9 de n&rsquo;importe quel <a href=\"https:\/\/blog.federnshop.com\/fr\/proprietes-de-lacier-a-ressort\/\" target=\"_blank\" rel=\"noopener noreferrer\">Fil d&rsquo;acier \u00e0 ressort<\/a> sp\u00e9cialis\u00e9.<br \/>\nEn plus de la vaste <a href=\"https:\/\/www.ferroflex.fr\/fr\/catalogue-de-ressorts-selection.html\" target=\"_blank\" rel=\"noopener noreferrer\">Programme en stock avec 12 603 tailles de ressort<\/a> , fabrique <a href=\"https:\/\/www.ferroflex.fr\/fr\/entreprise\/a-propos-de-ferroflex-gutekunst-ressorts.html\" target=\"_blank\" rel=\"noopener noreferrer\">FERROFLEX Gutekunst Ressorts<\/a> tout ressort m\u00e9tallique individuel souhait\u00e9 jusqu&rsquo;\u00e0 12 mm d&rsquo;\u00e9paisseur de fil en petites quantit\u00e9s et en grandes s\u00e9ries. Avec 280 employ\u00e9s, l&rsquo;entreprise familiale, fond\u00e9e en 1964, fournit environ 100 000 clients de tous les secteurs dans le monde. FERROFLEX Gutekunst Ressorts en compte aujourd&rsquo;hui cinq <a href=\"https:\/\/www.ferroflex.fr\/fr\/entreprise\/localisation.html\" target=\"_blank\" rel=\"noopener noreferrer\">Branches<\/a> en Allemagne et en France, l&rsquo;un des fabricants de ressorts les plus c\u00e9l\u00e8bres d&rsquo;Europe.<br \/>\nau <a title=\"www.federnshop.com\" href=\"https:\/\/www.ferroflex.fr\" target=\"_blank\" rel=\"noopener noreferrer\">www.ferroflex.fr<\/a> FERROFLEX Gutekunst Ressorts offre tout ce dont vous avez besoin pour les ressorts. Avec le vaste<a href=\"https:\/\/www.ferroflex.fr\/fr\/catalogue-de-ressorts-selection.html\" target=\"_blank\" rel=\"noopener noreferrer\"> Catalogue de ressorts<\/a> , l&rsquo;individu <a href=\"https:\/\/www.ferroflex.fr\/fr\/services-et-informations\/calcul-des-ressorts-m%c3%a9talliques-selon-din-13906.html\" target=\"_blank\" rel=\"noopener noreferrer\">Calcul du ressort WinFSB<\/a> , \u00e0 la <a href=\"https:\/\/www.ferroflex.fr\/fr\/services-et-informations\/cr%c3%a9er-des-donn%c3%a9es-cao.html\" target=\"_blank\" rel=\"noopener noreferrer\">G\u00e9n\u00e9rateur de donn\u00e9es CAO<\/a> et nombreux <a href=\"https:\/\/blog.federnshop.com\/fr\/\" target=\"_blank\" rel=\"noopener noreferrer\">Informations sur les ressorts m\u00e9talliques<\/a> aucune question ne reste sans r\u00e9ponse. Gutekunst propose \u00e9galement des plumes <a title=\"federn-forum.de\" href=\"http:\/\/www.federn-forum.de\" target=\"_blank\" rel=\"noopener noreferrer\">federn-forum.de<\/a> et<a title=\"blog.federnshop.com\" href=\"https:\/\/blog.federnshop.com\/fr\/\" target=\"_blank\" rel=\"noopener noreferrer\"> blog.federnshop.com<\/a> Plateformes d&rsquo;information autour du th\u00e8me des \u00ab\u00a0<a href=\"https:\/\/www.ferroflex.fr\/fr\/s%c3%a9lection-de-tous-les-ressorts-m%c3%a9talliques.html\" target=\"_blank\" rel=\"noopener noreferrer\">ressorts m\u00e9talliques<\/a>\u00ab\u00a0.<\/p>\n<p><span class=\"pressContent\"><strong>FERROFLEX SARL Gutekunst Ressorts<\/strong><br \/>\nRte d&rsquo;Aubepierre<br \/>\nF-52210 Arc en Barrois<br \/>\nT\u00e9l\u00e9phone: (+33) 03.25.02.28.50<br \/>\nT\u00e9l\u00e9fax: (+33) 03.25.02.28.55<br \/>\n<a href=\"https:\/\/www.ferroflex.fr\" target=\"_blank\" rel=\"noopener noreferrer\">www.ferroflex.fr<\/a><\/span><\/p>\n<p>&nbsp;<\/p>","protected":false},"excerpt":{"rendered":"<p>FERROFLEX Gutekunst Ressorts est sp\u00e9cialis\u00e9 dans le d\u00e9veloppement et la fabrication de Ressorts de compression , Ressorts de tension, Ressorts de jambe ainsi que des pi\u00e8ces de fil pli\u00e9 de n&rsquo;importe quel Fil d&rsquo;acier \u00e0 ressort sp\u00e9cialis\u00e9. En plus de<\/p>\n","protected":false},"author":4,"featured_media":0,"parent":0,"menu_order":0,"comment_status":"closed","ping_status":"open","template":"","meta":{"_uf_show_specific_survey":0,"_uf_disable_surveys":false,"footnotes":""},"page_tag":[],"class_list":["post-8889","page","type-page","status-publish","hentry"],"_links":{"self":[{"href":"https:\/\/blog.federnshop.com\/fr\/wp-json\/wp\/v2\/pages\/8889","targetHints":{"allow":["GET"]}}],"collection":[{"href":"https:\/\/blog.federnshop.com\/fr\/wp-json\/wp\/v2\/pages"}],"about":[{"href":"https:\/\/blog.federnshop.com\/fr\/wp-json\/wp\/v2\/types\/page"}],"author":[{"embeddable":true,"href":"https:\/\/blog.federnshop.com\/fr\/wp-json\/wp\/v2\/users\/4"}],"replies":[{"embeddable":true,"href":"https:\/\/blog.federnshop.com\/fr\/wp-json\/wp\/v2\/comments?post=8889"}],"version-history":[{"count":5,"href":"https:\/\/blog.federnshop.com\/fr\/wp-json\/wp\/v2\/pages\/8889\/revisions"}],"predecessor-version":[{"id":12479,"href":"https:\/\/blog.federnshop.com\/fr\/wp-json\/wp\/v2\/pages\/8889\/revisions\/12479"}],"wp:attachment":[{"href":"https:\/\/blog.federnshop.com\/fr\/wp-json\/wp\/v2\/media?parent=8889"}],"wp:term":[{"taxonomy":"page_tag","embeddable":true,"href":"https:\/\/blog.federnshop.com\/fr\/wp-json\/wp\/v2\/page_tag?post=8889"}],"curies":[{"name":"wp","href":"https:\/\/api.w.org\/{rel}","templated":true}]}}