{"id":8899,"date":"2021-08-25T16:39:55","date_gmt":"2021-08-25T14:39:55","guid":{"rendered":"https:\/\/blog.federnshop.com\/uedvoezoeljuek-a-gutekunst-federnben\/"},"modified":"2026-04-15T14:56:22","modified_gmt":"2026-04-15T12:56:22","slug":"uedvoezoeljuek-a-gutekunst-federnben","status":"publish","type":"page","link":"https:\/\/blog.federnshop.com\/hu\/uedvoezoeljuek-a-gutekunst-federnben\/","title":{"rendered":"\u00dcdv\u00f6z\u00f6lj\u00fck a Gutekunst Federnben"},"content":{"rendered":"<p><img loading=\"lazy\" decoding=\"async\" class=\"aligncenter wp-image-8900 size-full\" src=\"https:\/\/blog.federnshop.com\/wp-content\/uploads\/Vielzahl_Vielfalt_1200.jpg\" alt=\"K\u00fcl\u00f6nf\u00e9le rug\u00f3k k\u00e9szletb\u0151l vagy k\u00fcl\u00f6n-k\u00fcl\u00f6n a Gutekunst Federnt\u0151l\" width=\"1200\" height=\"289\" data-wp-pid=\"826\" srcset=\"https:\/\/blog.federnshop.com\/wp-content\/uploads\/Vielzahl_Vielfalt_1200.jpg 1200w, https:\/\/blog.federnshop.com\/wp-content\/uploads\/Vielzahl_Vielfalt_1200-300x72.jpg 300w, https:\/\/blog.federnshop.com\/wp-content\/uploads\/Vielzahl_Vielfalt_1200-1024x247.jpg 1024w, https:\/\/blog.federnshop.com\/wp-content\/uploads\/Vielzahl_Vielfalt_1200-600x145.jpg 600w, https:\/\/blog.federnshop.com\/wp-content\/uploads\/Vielzahl_Vielfalt_1200-200x48.jpg 200w, https:\/\/blog.federnshop.com\/wp-content\/uploads\/Vielzahl_Vielfalt_1200-800x193.jpg 800w\" sizes=\"auto, (max-width: 1200px) 100vw, 1200px\" \/><\/p>\n<p>A Gutekunst Federn a k\u00f6vetkez\u0151k fejleszt\u00e9s\u00e9re \u00e9s gy\u00e1rt\u00e1s\u00e1ra specializ\u00e1l\u00f3dott <a href=\"https:\/\/blog.federnshop.com\/hu\/informacios-tomorito-rugok\/\" target=\"_blank\" rel=\"noopener noreferrer\">Kompresszi\u00f3s rug\u00f3k<\/a>, <a href=\"https:\/\/blog.federnshop.com\/hu\/informacios-hosszabbito-rugok\/\" target=\"_blank\" rel=\"noopener noreferrer\">Fesz\u00edt\u0151 rug\u00f3k<\/a>, <a href=\"https:\/\/blog.federnshop.com\/hu\/informacios-torzios-rugok\/\" target=\"_blank\" rel=\"noopener noreferrer\">L\u00e1b rug\u00f3k<\/a> valamint hajl\u00edtott huzalr\u00e9szek tetsz\u0151leges <a href=\"https:\/\/blog.federnshop.com\/hu\/rugos-acel-tulajdonsagok\/\" target=\"_blank\" rel=\"noopener noreferrer\">Rug\u00f3s ac\u00e9lhuzal<\/a> specializ\u00e1lt.<br \/>\nA kiterjedt mellett <a href=\"https:\/\/www.federnshop.com\/hu\/rug%c3%b3katal%c3%b3gus-kiv%c3%a1laszt%c3%a1s.html\" target=\"_blank\" rel=\"noopener noreferrer\">Rakt\u00e1rprogram 12 603 rug\u00f3m\u00e9rettel<\/a> , gy\u00e1rt <a href=\"https:\/\/www.federnshop.com\/hu\/%c3%bczlet\/a-gutekunst-federn-r%c5%91l.html\" target=\"_blank\" rel=\"noopener noreferrer\">Gutekunst toll<\/a> b\u00e1rmilyen k\u00edv\u00e1nt egyedi f\u00e9mrug\u00f3 12 mm -es huzalvastags\u00e1gig kis mennyis\u00e9gben \u00e9s nagy sorozatban. Az 1964 -ben alap\u00edtott csal\u00e1di v\u00e1llalat 280 alkalmazottal vil\u00e1gszerte mintegy 100 000 \u00fcgyfelet l\u00e1t el minden ipar\u00e1gb\u00f3l. A Gutekunst Federn ma \u00f6t\u00f6t sz\u00e1ml\u00e1l<a href=\"https:\/\/www.federnshop.com\/hu\/%c3%bczlet\/telephelyek.html\" target=\"_blank\" rel=\"noopener noreferrer\"> \u00c1gak<\/a> N\u00e9metorsz\u00e1gban \u00e9s Franciaorsz\u00e1gban Eur\u00f3pa egyik legh\u00edresebb rug\u00f3gy\u00e1rt\u00f3ja.Tov\u00e1bb <a title=\"www.federnshop.com\" href=\"https:\/\/www.federnshop.com\/hu\/\" target=\"_blank\" rel=\"noopener noreferrer\">www.federnshop.com<\/a> A Gutekunst Federn mindent megtal\u00e1l, amire sz\u00fcks\u00e9ge van a rug\u00f3khoz. A kiterjedt <a href=\"https:\/\/www.federnshop.com\/hu\/rug%c3%b3katal%c3%b3gus-kiv%c3%a1laszt%c3%a1s.html\" target=\"_blank\" rel=\"noopener noreferrer\">Tavaszi katal\u00f3gus<\/a>, az egy\u00e9n <a href=\"https:\/\/www.federnshop.com\/hu\/szerviz-%c3%a9s-inform%c3%a1ci%c3%b3s\/f%c3%a9mrug%c3%b3-sz%c3%a1m%c3%adt%c3%a1s-a-din-13906-szerint.html\" target=\"_blank\" rel=\"noopener noreferrer\">Tavaszi sz\u00e1m\u00edt\u00e1s WinFSB<\/a> , hoz <a href=\"https:\/\/www.federnshop.com\/hu\/szerviz-%c3%a9s-inform%c3%a1ci%c3%b3s\/cad-adatok-l%c3%a9trehoz%c3%a1sa.html\" target=\"_blank\" rel=\"noopener noreferrer\">CAD adatgener\u00e1tor<\/a> \u00e9s sz\u00e1mos <a href=\"https:\/\/blog.federnshop.com\/hu\/\" target=\"_blank\" rel=\"noopener noreferrer\">Inform\u00e1ci\u00f3 a f\u00e9mrug\u00f3kr\u00f3l<\/a> egyetlen k\u00e9rd\u00e9s sem marad megv\u00e1laszolatlan. A Gutekunst tollakat is k\u00edn\u00e1l <a title=\"federn-forum.de\" href=\"http:\/\/www.federn-forum.de\" target=\"_blank\" rel=\"noopener noreferrer\">federn-forum.de<\/a> \u00e9s <a title=\"blog.federnshop.com\" href=\"https:\/\/blog.federnshop.com\/hu\/\" target=\"_blank\" rel=\"noopener noreferrer\">blog.federnshop.com<\/a> Inform\u00e1ci\u00f3s platformok a &#8222;<a href=\"https:\/\/www.federnshop.com\/hu\/az-%c3%b6sszes-f%c3%a9mrug%c3%b3-kiv%c3%a1laszt%c3%a1sa.html\" target=\"_blank\" rel=\"noopener noreferrer\">f\u00e9mrug\u00f3k<\/a>&#8221; t\u00e9mak\u00f6r k\u00f6r\u00fcl.<\/p>\n<p><span class=\"pressContent\"><strong>Gutekunst Federn<\/strong><br \/>\nCarl-Zeiss-Strasse 15<br \/>\nD-72555 Metzingen<br \/>\nTel.: +49 7123 960-192<br \/>\nFax: +49 71 23 960-195<br \/>\n<a href=\"https:\/\/www.federnshop.com\/hu\/\" target=\"_blank\" rel=\"noopener noreferrer\">www.federnshop.com<\/a><\/span><\/p>\n<p>&nbsp;<\/p>","protected":false},"excerpt":{"rendered":"<p>A Gutekunst Federn a k\u00f6vetkez\u0151k fejleszt\u00e9s\u00e9re \u00e9s gy\u00e1rt\u00e1s\u00e1ra specializ\u00e1l\u00f3dott Kompresszi\u00f3s rug\u00f3k, Fesz\u00edt\u0151 rug\u00f3k, L\u00e1b rug\u00f3k valamint hajl\u00edtott huzalr\u00e9szek tetsz\u0151leges Rug\u00f3s ac\u00e9lhuzal specializ\u00e1lt. A kiterjedt mellett Rakt\u00e1rprogram 12 603 rug\u00f3m\u00e9rettel , gy\u00e1rt Gutekunst toll b\u00e1rmilyen k\u00edv\u00e1nt egyedi f\u00e9mrug\u00f3 12 mm -es<\/p>\n","protected":false},"author":4,"featured_media":0,"parent":0,"menu_order":0,"comment_status":"closed","ping_status":"open","template":"","meta":{"_uf_show_specific_survey":0,"_uf_disable_surveys":false,"footnotes":""},"page_tag":[],"class_list":["post-8899","page","type-page","status-publish","hentry"],"_links":{"self":[{"href":"https:\/\/blog.federnshop.com\/hu\/wp-json\/wp\/v2\/pages\/8899","targetHints":{"allow":["GET"]}}],"collection":[{"href":"https:\/\/blog.federnshop.com\/hu\/wp-json\/wp\/v2\/pages"}],"about":[{"href":"https:\/\/blog.federnshop.com\/hu\/wp-json\/wp\/v2\/types\/page"}],"author":[{"embeddable":true,"href":"https:\/\/blog.federnshop.com\/hu\/wp-json\/wp\/v2\/users\/4"}],"replies":[{"embeddable":true,"href":"https:\/\/blog.federnshop.com\/hu\/wp-json\/wp\/v2\/comments?post=8899"}],"version-history":[{"count":4,"href":"https:\/\/blog.federnshop.com\/hu\/wp-json\/wp\/v2\/pages\/8899\/revisions"}],"predecessor-version":[{"id":12480,"href":"https:\/\/blog.federnshop.com\/hu\/wp-json\/wp\/v2\/pages\/8899\/revisions\/12480"}],"wp:attachment":[{"href":"https:\/\/blog.federnshop.com\/hu\/wp-json\/wp\/v2\/media?parent=8899"}],"wp:term":[{"taxonomy":"page_tag","embeddable":true,"href":"https:\/\/blog.federnshop.com\/hu\/wp-json\/wp\/v2\/page_tag?post=8899"}],"curies":[{"name":"wp","href":"https:\/\/api.w.org\/{rel}","templated":true}]}}