{"id":8879,"date":"2021-08-25T16:39:35","date_gmt":"2021-08-25T14:39:35","guid":{"rendered":"https:\/\/blog.federnshop.com\/witamy-w-gutekunst-federn\/"},"modified":"2026-04-15T14:59:00","modified_gmt":"2026-04-15T12:59:00","slug":"witamy-w-gutekunst-federn","status":"publish","type":"page","link":"https:\/\/blog.federnshop.com\/pl\/witamy-w-gutekunst-federn\/","title":{"rendered":"Witamy w Gutekunst Federn"},"content":{"rendered":"<p><img loading=\"lazy\" decoding=\"async\" class=\"aligncenter wp-image-8880 size-full\" src=\"https:\/\/blog.federnshop.com\/wp-content\/uploads\/Vielzahl_Vielfalt_1200.jpg\" alt=\"R\u00f3\u017cne spr\u0119\u017cyny z magazynu lub pojedynczo z Gutekunst Federn\" width=\"1200\" height=\"289\" data-wp-pid=\"826\" srcset=\"https:\/\/blog.federnshop.com\/wp-content\/uploads\/Vielzahl_Vielfalt_1200.jpg 1200w, https:\/\/blog.federnshop.com\/wp-content\/uploads\/Vielzahl_Vielfalt_1200-300x72.jpg 300w, https:\/\/blog.federnshop.com\/wp-content\/uploads\/Vielzahl_Vielfalt_1200-1024x247.jpg 1024w, https:\/\/blog.federnshop.com\/wp-content\/uploads\/Vielzahl_Vielfalt_1200-600x145.jpg 600w, https:\/\/blog.federnshop.com\/wp-content\/uploads\/Vielzahl_Vielfalt_1200-200x48.jpg 200w, https:\/\/blog.federnshop.com\/wp-content\/uploads\/Vielzahl_Vielfalt_1200-800x193.jpg 800w\" sizes=\"auto, (max-width: 1200px) 100vw, 1200px\" \/><\/p>\n<p>Gutekunst Federn specjalizuje si\u0119 w projektowaniu i produkcji <a href=\"https:\/\/blog.federnshop.com\/pl\/informacje-sprezyny-naciskowe\/\" target=\"_blank\" rel=\"noopener noreferrer\">Spr\u0119\u017cyny dociskowe<\/a>, <a href=\"https:\/\/blog.federnshop.com\/pl\/sprezyny-naciagowe-informacji\/\" target=\"_blank\" rel=\"noopener noreferrer\">Spr\u0119\u017cyny naci\u0105gowe<\/a>, <a href=\"https:\/\/blog.federnshop.com\/pl\/informacje-sprezyny-skretne\/\" target=\"_blank\" rel=\"noopener noreferrer\">Spr\u0119\u017cyny n\u00f3g<\/a> a tak\u017ce wygi\u0119te cz\u0119\u015bci z drutu z dowolnych <a href=\"https:\/\/blog.federnshop.com\/pl\/wlasciwosci-stali-sprezynowej\/\" target=\"_blank\" rel=\"noopener noreferrer\">Drut ze stali spr\u0119\u017cynowej<\/a> specjalistyczne.<br \/>\nOpr\u00f3cz obszernego <a href=\"https:\/\/www.federnshop.com\/pl\/katalog-spr%c4%99%c5%bcyn-selekcja.html\" target=\"_blank\" rel=\"noopener noreferrer\">Program magazynowy z 12 603 rozmiarami spr\u0119\u017cyn<\/a>, produkuje <a href=\"https:\/\/www.federnshop.com\/pl\/biznes\/o-spr%c4%99%c5%bcynach-gutekunst.html\" target=\"_blank\" rel=\"noopener noreferrer\">Pi\u00f3ra Gutekunst<\/a> dowolna pojedyncza spr\u0119\u017cyna metalowa o grubo\u015bci drutu do 12 mm w ma\u0142ych ilo\u015bciach i du\u017cych seriach. Za\u0142o\u017cona w 1964 roku rodzinna firma, zatrudniaj\u0105ca 280 pracownik\u00f3w, zaopatruje oko\u0142o 100 000 klient\u00f3w ze wszystkich bran\u017c na ca\u0142ym \u015bwiecie. Gutekunst Federn liczy dzi\u015b pi\u0119\u0107 <a href=\"https:\/\/www.federnshop.com\/pl\/biznes\/lokalizacje.html\" target=\"_blank\" rel=\"noopener noreferrer\">Ga\u0142\u0119zie<\/a> w Niemczech i Francji jeden z najbardziej znanych producent\u00f3w spr\u0119\u017cyn w Europie.<br \/>\nna <a title=\"www.federnshop.com\" href=\"https:\/\/www.federnshop.com\/pl\/\" target=\"_blank\" rel=\"noopener noreferrer\">www.federnshop.com<\/a> Gutekunst Federn oferuje wszystko, czego potrzebujesz do spr\u0119\u017cyn. Z obszernym <a href=\"https:\/\/www.federnshop.com\/pl\/katalog-spr%c4%99%c5%bcyn-selekcja.html\" target=\"_blank\" rel=\"noopener noreferrer\">Katalog wiosenny<\/a>, indywidualny <a href=\"https:\/\/www.federnshop.com\/pl\/sbs%c5%82uga-i-informacje\/obliczenia-spr%c4%99%c5%bcyn-metalowych-zgodnie-z-din-13906.html\" target=\"_blank\" rel=\"noopener noreferrer\">Obliczanie spr\u0119\u017cyn WinFSB<\/a> , do <a href=\"https:\/\/www.federnshop.com\/pl\/sbs%c5%82uga-i-informacje\/tworzenie-danych-cad.html\" target=\"_blank\" rel=\"noopener noreferrer\">Generator danych CAD<\/a> i liczne <a href=\"https:\/\/blog.federnshop.com\/pl\/\" target=\"_blank\" rel=\"noopener noreferrer\">Informacje o spr\u0119\u017cynach metalowych<\/a> \u017cadne pytanie nie pozostaje bez odpowiedzi. Gutekunst oferuje r\u00f3wnie\u017c pi\u00f3ra <a title=\"federn-forum.de\" href=\"http:\/\/www.federn-forum.de\" target=\"_blank\" rel=\"noopener noreferrer\">federn-forum.de<\/a> oraz <a title=\"blog.federnshop.com\" href=\"https:\/\/blog.federnshop.com\/pl\/\" target=\"_blank\" rel=\"noopener noreferrer\">blog.federnshop.com<\/a> Platformy informacyjne wok\u00f3\u0142 tematu \u201e<a href=\"https:\/\/www.federnshop.com\/pl\/wyb%c3%b3r-wszystkich-spr%c4%99%c5%bcyn-metalowych.html\" target=\"_blank\" rel=\"noopener noreferrer\">metalowych spr\u0119\u017cyn<\/a>\u201d.<\/p>\n<p><span class=\"pressContent\"><strong>Gutekunst Federn<\/strong><br \/>\nCarl-Zeiss-Strasse 15<br \/>\nD-72555 Metzingen<br \/>\ntel.: +49 7123 960-192<br \/>\nFaks: +49 7123 960-195<br \/>\n<a href=\"https:\/\/www.federnshop.com\/pl\/\" target=\"_blank\" rel=\"noopener noreferrer\">www.federnshop.com<\/a><\/span><\/p>\n<p>&nbsp;<\/p>","protected":false},"excerpt":{"rendered":"<p>Gutekunst Federn specjalizuje si\u0119 w projektowaniu i produkcji Spr\u0119\u017cyny dociskowe, Spr\u0119\u017cyny naci\u0105gowe, Spr\u0119\u017cyny n\u00f3g a tak\u017ce wygi\u0119te cz\u0119\u015bci z drutu z dowolnych Drut ze stali spr\u0119\u017cynowej specjalistyczne. Opr\u00f3cz obszernego Program magazynowy z 12 603 rozmiarami spr\u0119\u017cyn, produkuje Pi\u00f3ra Gutekunst dowolna<\/p>\n","protected":false},"author":4,"featured_media":0,"parent":0,"menu_order":0,"comment_status":"closed","ping_status":"open","template":"","meta":{"_uf_show_specific_survey":0,"_uf_disable_surveys":false,"footnotes":""},"page_tag":[],"class_list":["post-8879","page","type-page","status-publish","hentry"],"_links":{"self":[{"href":"https:\/\/blog.federnshop.com\/pl\/wp-json\/wp\/v2\/pages\/8879","targetHints":{"allow":["GET"]}}],"collection":[{"href":"https:\/\/blog.federnshop.com\/pl\/wp-json\/wp\/v2\/pages"}],"about":[{"href":"https:\/\/blog.federnshop.com\/pl\/wp-json\/wp\/v2\/types\/page"}],"author":[{"embeddable":true,"href":"https:\/\/blog.federnshop.com\/pl\/wp-json\/wp\/v2\/users\/4"}],"replies":[{"embeddable":true,"href":"https:\/\/blog.federnshop.com\/pl\/wp-json\/wp\/v2\/comments?post=8879"}],"version-history":[{"count":3,"href":"https:\/\/blog.federnshop.com\/pl\/wp-json\/wp\/v2\/pages\/8879\/revisions"}],"predecessor-version":[{"id":12482,"href":"https:\/\/blog.federnshop.com\/pl\/wp-json\/wp\/v2\/pages\/8879\/revisions\/12482"}],"wp:attachment":[{"href":"https:\/\/blog.federnshop.com\/pl\/wp-json\/wp\/v2\/media?parent=8879"}],"wp:term":[{"taxonomy":"page_tag","embeddable":true,"href":"https:\/\/blog.federnshop.com\/pl\/wp-json\/wp\/v2\/page_tag?post=8879"}],"curies":[{"name":"wp","href":"https:\/\/api.w.org\/{rel}","templated":true}]}}