{"id":8829,"date":"2021-08-25T16:39:20","date_gmt":"2021-08-25T14:39:20","guid":{"rendered":"https:\/\/blog.federnshop.com\/bem-vindo-a-gutekunst-federn\/"},"modified":"2026-04-15T14:59:51","modified_gmt":"2026-04-15T12:59:51","slug":"bem-vindo-a-gutekunst-federn","status":"publish","type":"page","link":"https:\/\/blog.federnshop.com\/pt-pt\/bem-vindo-a-gutekunst-federn\/","title":{"rendered":"Bem-vindo a Gutekunst Federn"},"content":{"rendered":"<p><img loading=\"lazy\" decoding=\"async\" class=\"aligncenter wp-image-8830 size-full\" src=\"https:\/\/blog.federnshop.com\/wp-content\/uploads\/Vielzahl_Vielfalt_1200.jpg\" alt=\"Variedade de penas de estoque ou individualmente de Gutekunst Federn\" width=\"1200\" height=\"289\" data-wp-pid=\"826\" srcset=\"https:\/\/blog.federnshop.com\/wp-content\/uploads\/Vielzahl_Vielfalt_1200.jpg 1200w, https:\/\/blog.federnshop.com\/wp-content\/uploads\/Vielzahl_Vielfalt_1200-300x72.jpg 300w, https:\/\/blog.federnshop.com\/wp-content\/uploads\/Vielzahl_Vielfalt_1200-1024x247.jpg 1024w, https:\/\/blog.federnshop.com\/wp-content\/uploads\/Vielzahl_Vielfalt_1200-600x145.jpg 600w, https:\/\/blog.federnshop.com\/wp-content\/uploads\/Vielzahl_Vielfalt_1200-200x48.jpg 200w, https:\/\/blog.federnshop.com\/wp-content\/uploads\/Vielzahl_Vielfalt_1200-800x193.jpg 800w\" sizes=\"auto, (max-width: 1200px) 100vw, 1200px\" \/><\/p>\n<p>Gutekunst Federn \u00e9 especializado no desenvolvimento e produ\u00e7\u00e3o de molas de <a href=\"https:\/\/blog.federnshop.com\/pt-pt\/informacion-muelles-de-compresion\/\" target=\"_blank\" rel=\"noopener noreferrer\">compress\u00e3o,<\/a> molas de <a href=\"https:\/\/blog.federnshop.com\/pt-pt\/muelles-de-traccion-de-informacion\/\" target=\"_blank\" rel=\"noopener noreferrer\">tens\u00e3o,<\/a> molas de <a href=\"https:\/\/blog.federnshop.com\/pt-pt\/informacion-muelles-de-torsion\/\" target=\"_blank\" rel=\"noopener noreferrer\">coxas<\/a> e pe\u00e7as dobradas de arame feito de qualquer fio de <a href=\"https:\/\/blog.federnshop.com\/pt-pt\/propriedades-de-aco-de-mola\/\" target=\"_blank\" rel=\"noopener noreferrer\">a\u00e7o de mola desejado.<\/a><br \/>\nAl\u00e9m do extenso <a href=\"https:\/\/www.federnshop.com\/pt\/cat%c3%a1logo-de-molas-sele%c3%a7%c3%a3o.html\" target=\"_blank\" rel=\"noopener noreferrer\">programa de stock com 12.603 tamanhos de mola,<\/a> a <a href=\"https:\/\/www.federnshop.com\/pt\/neg%c3%b3cio\/sobre-as-molas-gutekunst.html\" target=\"_blank\" rel=\"noopener noreferrer\">Gutekunst Federn fabrica<\/a> qualquer metal individual desejado at\u00e9 12 mm de espessura de fio em pequenas quantidades e grandes s\u00e9ries. Com 280 colaboradores, a empresa familiar, fundada em 1964, fornece cerca de 100.000 clientes de todas as ind\u00fastrias em todo o mundo. Gutekunst Federn \u00e9 hoje um dos <a href=\"https:\/\/www.federnshop.com\/pt\/neg%c3%b3cio\/localiza%c3%a7%c3%b5es.html\" target=\"_blank\" rel=\"noopener noreferrer\">mais conhecidos fabricantes<\/a> de primavera na Europa com cinco sucursais na Alemanha e em Fran\u00e7a.<br \/>\nNo <a title=\"www.federnshop.com\" href=\"https:\/\/www.federnshop.com\/pt\/\" target=\"_blank\" rel=\"noopener noreferrer\">www.federnshop.com,<\/a> Gutekunst Federn oferece tudo para as necessidades da primavera. Com o extenso <a href=\"https:\/\/www.federnshop.com\/pt\/cat%c3%a1logo-de-molas-sele%c3%a7%c3%a3o.html\" target=\"_blank\" rel=\"noopener noreferrer\">cat\u00e1logo de primavera,<\/a>o c\u00e1lculo individual <a href=\"https:\/\/www.federnshop.com\/pt\/servi%c3%a7o-e-informa%c3%a7%c3%b5es\/c%c3%a1lculo-de-mola-de-metal-conforme-din-13906.html\" target=\"_blank\" rel=\"noopener noreferrer\">da mola WinFSB,<\/a>o <a href=\"https:\/\/www.federnshop.com\/pt\/servi%c3%a7o-e-informa%c3%a7%c3%b5es\/criar-dados-cad.html\" target=\"_blank\" rel=\"noopener noreferrer\">gerador de dados CAD<\/a> e in\u00fameras informa\u00e7\u00f5es sobre <a href=\"https:\/\/blog.federnshop.com\/pt-pt\/\" target=\"_blank\" rel=\"noopener noreferrer\">molas met\u00e1licas,<\/a> nenhuma d\u00favida permanece sem resposta. Al\u00e9m disso, a Gutekunst Federn oferece molas com plataformas de informa\u00e7\u00e3o <a title=\"federn-forum.de\" href=\"http:\/\/www.federn-forum.de\" target=\"_blank\" rel=\"noopener noreferrer\">federn-forum.de<\/a> e <a title=\"blog.federnshop.com\" href=\"https:\/\/blog.federnshop.com\/pt-pt\/\" target=\"_blank\" rel=\"noopener noreferrer\">blog.federnshop.com <\/a>em torno do tema das &#8220;<a href=\"https:\/\/www.federnshop.com\/pt\/sele%c3%a7%c3%a3o-de-todas-as-molas-de-metal.html\" target=\"_blank\" rel=\"noopener noreferrer\">molas met\u00e1licas<\/a>&#8220;.<\/p>\n<p><span class=\"pressContent\"><strong>Gutekunst Federn<\/strong><br \/>\nCarl-Zeiss-Strasse 15<br \/>\nD-72555 Metzingen, Fran\u00e7a<br \/>\nTelefone: +49\u00a0 7123 960-192<br \/>\nFax: +49 7123 960-195<br \/>\n<a href=\"https:\/\/www.federnshop.com\/pt\/\" target=\"_blank\" rel=\"noopener noreferrer\">www.federnshop.com<\/a><\/span><\/p>\n<p>&nbsp;<\/p>","protected":false},"excerpt":{"rendered":"<p>Gutekunst Federn \u00e9 especializado no desenvolvimento e produ\u00e7\u00e3o de molas de compress\u00e3o, molas de tens\u00e3o, molas de coxas e pe\u00e7as dobradas de arame feito de qualquer fio de a\u00e7o de mola desejado. Al\u00e9m do extenso programa de stock com 12.603<\/p>\n","protected":false},"author":4,"featured_media":0,"parent":0,"menu_order":0,"comment_status":"closed","ping_status":"open","template":"","meta":{"_uf_show_specific_survey":0,"_uf_disable_surveys":false,"footnotes":""},"page_tag":[],"class_list":["post-8829","page","type-page","status-publish","hentry"],"_links":{"self":[{"href":"https:\/\/blog.federnshop.com\/pt-pt\/wp-json\/wp\/v2\/pages\/8829","targetHints":{"allow":["GET"]}}],"collection":[{"href":"https:\/\/blog.federnshop.com\/pt-pt\/wp-json\/wp\/v2\/pages"}],"about":[{"href":"https:\/\/blog.federnshop.com\/pt-pt\/wp-json\/wp\/v2\/types\/page"}],"author":[{"embeddable":true,"href":"https:\/\/blog.federnshop.com\/pt-pt\/wp-json\/wp\/v2\/users\/4"}],"replies":[{"embeddable":true,"href":"https:\/\/blog.federnshop.com\/pt-pt\/wp-json\/wp\/v2\/comments?post=8829"}],"version-history":[{"count":3,"href":"https:\/\/blog.federnshop.com\/pt-pt\/wp-json\/wp\/v2\/pages\/8829\/revisions"}],"predecessor-version":[{"id":12483,"href":"https:\/\/blog.federnshop.com\/pt-pt\/wp-json\/wp\/v2\/pages\/8829\/revisions\/12483"}],"wp:attachment":[{"href":"https:\/\/blog.federnshop.com\/pt-pt\/wp-json\/wp\/v2\/media?parent=8829"}],"wp:term":[{"taxonomy":"page_tag","embeddable":true,"href":"https:\/\/blog.federnshop.com\/pt-pt\/wp-json\/wp\/v2\/page_tag?post=8829"}],"curies":[{"name":"wp","href":"https:\/\/api.w.org\/{rel}","templated":true}]}}